{"id":138,"date":"2022-02-26T21:26:59","date_gmt":"2022-02-26T21:26:59","guid":{"rendered":"http:\/\/www.todeca.com\/eng\/?page_id=138"},"modified":"2022-08-23T17:22:27","modified_gmt":"2022-08-23T17:22:27","slug":"todesil-liquid-silicone","status":"publish","type":"page","link":"https:\/\/www.todeca.com\/eng\/todesil-liquid-silicone\/","title":{"rendered":"Todesil liquid silicone"},"content":{"rendered":"<div class=\"red-bar\">\n<h1>Todesil\u00ae liquid silicone<\/h1>\n<\/div>\n<div style=\"width: 100%;height: 1em\"><\/div>\n<div class=\"todesil-silicona-main\">\n<div class=\"todesil-silicona-image\"><img decoding=\"async\" src=\"http:\/\/www.todeca.com\/wp-content\/uploads\/2022\/02\/molde.jpg\" alt=\"\" \/><\/p>\n<div class=\"todesil-silicona-box\"><\/div>\n<div class=\"todesil-silicona-image-product\"><img decoding=\"async\" src=\"http:\/\/www.todeca.com\/wp-content\/uploads\/2022\/01\/todesil-mold-product.png\" alt=\"\" \/><\/div>\n<div class=\"todesil-silicona-text\">\n<h2>TODESIL \u00ae LIQUID SILICONE<\/h2>\n<h3>In spray format<\/h3>\n<div style=\"width: 100%;height: 1em\"><\/div>\n<h3>\n<ul>\n<li>Odorless, colorless and transparent<\/li>\n<li>Powerful non-stick effect<\/li>\n<li>Highly Durable, Brightener<\/li>\n<li>Repels water<\/li>\n<li>Noise and squeak damper<\/li>\n<li>Not stain<\/li>\n<\/ul>\n<\/h3>\n<\/div>\n<\/div>\n<\/div>\n<div class=\"todesil-silicona-big-line\" style=\"width: 100%;height: 36em\"><\/div>\n<div class=\"todesil-silicona-line\">\n<div class=\"todesil-silicona-line-image\"><img decoding=\"async\" src=\"http:\/\/www.todeca.com\/wp-content\/uploads\/2022\/01\/todeca-industria.png\" alt=\"\" \/><\/div>\n<div class=\"todesil-silicona-line-text\">\n<div class=\"todesil-silicona-line-text-title\">\n<h2>Industrial<\/h2>\n<\/div>\n<div class=\"todesil-silicona-line-text-description\">\n<h3>Suitable lubrication for all types of machinery and industrial tools, great non-stick in sectors such as rubber and plastic, protects against corrosion and rust and repels water<\/h3>\n<\/div>\n<\/div>\n<\/div>\n<div style=\"width: 100%;height: 4em\"><\/div>\n<div class=\"todesil-silicona-line-r\">\n<div class=\"todesil-silicona-line-image-r\"><img decoding=\"async\" src=\"http:\/\/www.todeca.com\/wp-content\/uploads\/2022\/01\/todeca-moldes.png\" alt=\"\" \/><\/div>\n<div class=\"todesil-silicona-line-text-r\">\n<div class=\"todesil-silicona-line-text-title-r\">\n<h2>For the molds<\/h2>\n<\/div>\n<div class=\"todesil-silicona-line-text-description-r\">\n<h3>Release agent for all types of molds, does not react with other materials, strong and stable non-stick action, reduces mold wear and improves the molding result<\/h3>\n<\/div>\n<\/div>\n<\/div>\n<div style=\"width: 100%;height: 4em\"><\/div>\n<div class=\"todesil-silicona-line\">\n<div class=\"todesil-silicona-line-image\"><img decoding=\"async\" src=\"http:\/\/www.todeca.com\/wp-content\/uploads\/2022\/01\/todeca-bicicle.png\" alt=\"\" \/><\/div>\n<div class=\"todesil-silicona-line-text\">\n<div class=\"todesil-silicona-line-text-title\">\n<h2>Cycling and sports<\/h2>\n<\/div>\n<div class=\"todesil-silicona-line-text-description\">\n<h3>Polishes and protects bicycle frames or sports equipment, facilitates post-use cleaning in sports, lubricates transmission chains, forks and suspensions, beautifies plastic surfaces<\/h3>\n<\/div>\n<\/div>\n<\/div>\n<div style=\"width: 100%;height: 4em\"><\/div>\n<div class=\"todesil-silicona-line-r\">\n<div class=\"todesil-silicona-line-image-r\"><img decoding=\"async\" src=\"http:\/\/www.todeca.com\/wp-content\/uploads\/2022\/01\/todeca-sailboat.png\" alt=\"\" \/><\/div>\n<div class=\"todesil-silicona-line-text-r\">\n<div class=\"todesil-silicona-line-text-title-r\">\n<h2>Nautical sports<\/h2>\n<\/div>\n<div class=\"todesil-silicona-line-text-description-r\">\n<h3>Lubricates and protects hinges, fishing gear, cams, pulleys, locks, etc&#8230; even in an environment as harsh as in water sports, it protects from rust and saltpeter<\/h3>\n<\/div>\n<div class=\"todesil-silicona-line-image-row\"><img decoding=\"async\" src=\"http:\/\/www.todeca.com\/wp-content\/uploads\/2022\/01\/todeca-velero.jpg\" alt=\"\" \/><\/div>\n<\/div>\n<\/div>\n<div style=\"width: 100%;height: 4em\"><\/div>\n<div class=\"todesil-silicona-line\">\n<div class=\"todesil-silicona-line-image\"><img decoding=\"async\" src=\"http:\/\/www.todeca.com\/wp-content\/uploads\/2022\/01\/todeca-workshop.png\" alt=\"\" \/><\/div>\n<div class=\"todesil-silicona-line-text\">\n<div class=\"todesil-silicona-line-text-title\">\n<h2>In the workshop<\/h2>\n<\/div>\n<div class=\"todesil-silicona-line-text-description\">\n<h3>Suitable lubrication for all types of machinery and industrial tools, great non-stick in sectors such as rubber and plastic, protects against corrosion and rust and repels water<\/h3>\n<\/div>\n<\/div>\n<\/div>\n<div style=\"width: 100%;height: 4em\"><\/div>\n<hr class=\"line-red\" \/>\n<div class=\"todesil-opiniones\"><img decoding=\"async\" src=\"http:\/\/www.todeca.com\/wp-content\/uploads\/2022\/02\/opiniones-clientes.jpg\" alt=\"\" \/> <\/p>\n<h3>Customer reviews<\/h3>\n<\/div>\n<div style=\"width: 100%;height: 1em\"><\/div>\n<div class=\"todesil-opiniones-bloque\">\n<h3>Hace a\u00f1os que trabajamos con esta empresa y siempre han tenido un trato muy correcto y eficiente.<\/h3>\n<div class=\"todesil-opiniones-bloque-autor\">\n<h3>Miguel Albarrac\u00edn<\/h3>\n<\/div>\n<div class=\"todesil-opiniones-bloque-location\">\n<h4>Moest (Pamplona, Navarra)<\/h4>\n<\/div>\n<\/div>\n<div style=\"width: 100%;height: 1em\"><\/div>\n<div class=\"todesil-opiniones-bloque\">\n<h3>Llegamos a Todeca por recomendaci\u00f3n de un cliente, buscando un producto de silicona que satisficiese nuestras necesidades en la zona de moldeo, despu\u00e9s de que nos enviaran unas muestras, quedamos muy satisfechos del producto.<\/h3>\n<div class=\"todesil-opiniones-bloque-autor\">\n<h3>Carles Garc\u00eda<\/h3>\n<\/div>\n<div class=\"todesil-opiniones-bloque-location\">\n<h4>Aquitania (Sabadell, Barcelona)<\/h4>\n<\/div>\n<\/div>\n<div style=\"width: 100%;height: 1em\"><\/div>\n<div class=\"todesil-opiniones-bloque\">\n<h3>Good suplier for our needs ;-).<\/h3>\n<div class=\"todesil-opiniones-bloque-autor\">\n<h3>Mike Flinkword<\/h3>\n<\/div>\n<div class=\"todesil-opiniones-bloque-location\">\n<h4>Fluid (Wallasey, Merseyside)<\/h4>\n<\/div>\n<\/div>\n<div style=\"width: 100%;height: 1em\"><\/div>\n<div class=\"todesil-opiniones-bloque\">\n<h3>Ten\u00edamos la necesidad de un aceite t\u00e9rmico adecuado, ya que nuestro proveedor habitual no nos serv\u00eda a tiempo, tuvimos que cambiar de nuestra marca a Marlotherm, que cumple muy eficazmente las necesidades que requer\u00edamos.<\/h3>\n<div class=\"todesil-opiniones-bloque-autor\">\n<h3>Ricard<\/h3>\n<\/div>\n<div class=\"todesil-opiniones-bloque-location\">\n<h4>Bombas Especiales Torres (Barcelona, Barcelona)<\/h4>\n<\/div>\n<\/div>\n<div style=\"width: 100%;height: 4em\"><\/div>\n<div>\n<h3>If you have any questions or suggestions, contact us at <a href=\"http:\/\/www.todeca.com\/eng\/contact\/\" target=\"_blanck\" rel=\"noopener noreferrer\"><strong style=\"color: #cc0033\">comercial@todeca.com<\/strong><\/a>. We will be happy to help and advise you.<br \/><strong>The team of TODECA<\/strong><\/h3>\n<\/div>\n<div style=\"width: 100%;height: 2em\"><\/div>\n","protected":false},"excerpt":{"rendered":"<p>Todesil\u00ae liquid silicone TODESIL \u00ae LIQUID SILICONE In spray format Odorless, colorless and transparent Powerful non-stick effect Highly Durable, Brightener Repels water Noise and squeak damper Not stain Industrial Suitable lubrication for all types of machinery and industrial tools, great non-stick in sectors such as rubber and plastic, protects against corrosion and rust and repels water For the molds Release [&hellip;]<\/p>\n","protected":false},"author":1,"featured_media":0,"parent":0,"menu_order":0,"comment_status":"closed","ping_status":"closed","template":"","meta":{"footnotes":""},"class_list":["post-138","page","type-page","status-publish","hentry"],"yoast_head":"<!-- This site is optimized with the Yoast SEO plugin v26.7 - https:\/\/yoast.com\/wordpress\/plugins\/seo\/ -->\n<title>todesil liquid silicone for home or industry<\/title>\n<meta name=\"description\" content=\"Todesil is an aerosol product with an active liquid silicone base, with multiple areas of application at home or in industry\" \/>\n<meta name=\"robots\" content=\"index, follow, max-snippet:-1, max-image-preview:large, max-video-preview:-1\" \/>\n<link rel=\"canonical\" href=\"https:\/\/www.todeca.com\/eng\/todesil-liquid-silicone\/\" \/>\n<meta property=\"og:locale\" content=\"en_GB\" \/>\n<meta property=\"og:type\" content=\"article\" \/>\n<meta property=\"og:title\" content=\"todesil liquid silicone for home or industry\" \/>\n<meta property=\"og:description\" content=\"Todesil is an aerosol product with an active liquid silicone base, with multiple areas of application at home or in industry\" \/>\n<meta property=\"og:url\" content=\"https:\/\/www.todeca.com\/eng\/todesil-liquid-silicone\/\" \/>\n<meta property=\"og:site_name\" content=\"Todeca\" \/>\n<meta property=\"article:modified_time\" content=\"2022-08-23T17:22:27+00:00\" \/>\n<meta property=\"og:image\" content=\"http:\/\/www.todeca.com\/wp-content\/uploads\/2022\/02\/molde.jpg\" \/>\n<meta name=\"twitter:card\" content=\"summary_large_image\" \/>\n<meta name=\"twitter:label1\" content=\"Estimated reading time\" \/>\n\t<meta name=\"twitter:data1\" content=\"2 minutes\" \/>\n<script type=\"application\/ld+json\" class=\"yoast-schema-graph\">{\"@context\":\"https:\/\/schema.org\",\"@graph\":[{\"@type\":\"WebPage\",\"@id\":\"https:\/\/www.todeca.com\/eng\/todesil-liquid-silicone\/\",\"url\":\"https:\/\/www.todeca.com\/eng\/todesil-liquid-silicone\/\",\"name\":\"todesil liquid silicone for home or industry\",\"isPartOf\":{\"@id\":\"https:\/\/www.todeca.com\/eng\/#website\"},\"primaryImageOfPage\":{\"@id\":\"https:\/\/www.todeca.com\/eng\/todesil-liquid-silicone\/#primaryimage\"},\"image\":{\"@id\":\"https:\/\/www.todeca.com\/eng\/todesil-liquid-silicone\/#primaryimage\"},\"thumbnailUrl\":\"http:\/\/www.todeca.com\/wp-content\/uploads\/2022\/02\/molde.jpg\",\"datePublished\":\"2022-02-26T21:26:59+00:00\",\"dateModified\":\"2022-08-23T17:22:27+00:00\",\"description\":\"Todesil is an aerosol product with an active liquid silicone base, with multiple areas of application at home or in industry\",\"breadcrumb\":{\"@id\":\"https:\/\/www.todeca.com\/eng\/todesil-liquid-silicone\/#breadcrumb\"},\"inLanguage\":\"en-GB\",\"potentialAction\":[{\"@type\":\"ReadAction\",\"target\":[\"https:\/\/www.todeca.com\/eng\/todesil-liquid-silicone\/\"]}]},{\"@type\":\"ImageObject\",\"inLanguage\":\"en-GB\",\"@id\":\"https:\/\/www.todeca.com\/eng\/todesil-liquid-silicone\/#primaryimage\",\"url\":\"http:\/\/www.todeca.com\/wp-content\/uploads\/2022\/02\/molde.jpg\",\"contentUrl\":\"http:\/\/www.todeca.com\/wp-content\/uploads\/2022\/02\/molde.jpg\"},{\"@type\":\"BreadcrumbList\",\"@id\":\"https:\/\/www.todeca.com\/eng\/todesil-liquid-silicone\/#breadcrumb\",\"itemListElement\":[{\"@type\":\"ListItem\",\"position\":1,\"name\":\"Portada\",\"item\":\"https:\/\/www.todeca.com\/eng\/\"},{\"@type\":\"ListItem\",\"position\":2,\"name\":\"Todesil liquid silicone\"}]},{\"@type\":\"WebSite\",\"@id\":\"https:\/\/www.todeca.com\/eng\/#website\",\"url\":\"https:\/\/www.todeca.com\/eng\/\",\"name\":\"Todeca\",\"description\":\"Supplier of chemical products\",\"publisher\":{\"@id\":\"https:\/\/www.todeca.com\/eng\/#organization\"},\"potentialAction\":[{\"@type\":\"SearchAction\",\"target\":{\"@type\":\"EntryPoint\",\"urlTemplate\":\"https:\/\/www.todeca.com\/eng\/?s={search_term_string}\"},\"query-input\":{\"@type\":\"PropertyValueSpecification\",\"valueRequired\":true,\"valueName\":\"search_term_string\"}}],\"inLanguage\":\"en-GB\"},{\"@type\":\"Organization\",\"@id\":\"https:\/\/www.todeca.com\/eng\/#organization\",\"name\":\"Todeca S.A.U.\",\"url\":\"https:\/\/www.todeca.com\/eng\/\",\"logo\":{\"@type\":\"ImageObject\",\"inLanguage\":\"en-GB\",\"@id\":\"https:\/\/www.todeca.com\/eng\/#\/schema\/logo\/image\/\",\"url\":\"https:\/\/www.todeca.com\/eng\/wp-content\/uploads\/sites\/3\/2022\/02\/todeca-logo.png\",\"contentUrl\":\"https:\/\/www.todeca.com\/eng\/wp-content\/uploads\/sites\/3\/2022\/02\/todeca-logo.png\",\"width\":300,\"height\":78,\"caption\":\"Todeca S.A.U.\"},\"image\":{\"@id\":\"https:\/\/www.todeca.com\/eng\/#\/schema\/logo\/image\/\"}}]}<\/script>\n<!-- \/ Yoast SEO plugin. -->","yoast_head_json":{"title":"todesil liquid silicone for home or industry","description":"Todesil is an aerosol product with an active liquid silicone base, with multiple areas of application at home or in industry","robots":{"index":"index","follow":"follow","max-snippet":"max-snippet:-1","max-image-preview":"max-image-preview:large","max-video-preview":"max-video-preview:-1"},"canonical":"https:\/\/www.todeca.com\/eng\/todesil-liquid-silicone\/","og_locale":"en_GB","og_type":"article","og_title":"todesil liquid silicone for home or industry","og_description":"Todesil is an aerosol product with an active liquid silicone base, with multiple areas of application at home or in industry","og_url":"https:\/\/www.todeca.com\/eng\/todesil-liquid-silicone\/","og_site_name":"Todeca","article_modified_time":"2022-08-23T17:22:27+00:00","og_image":[{"url":"http:\/\/www.todeca.com\/wp-content\/uploads\/2022\/02\/molde.jpg","type":"","width":"","height":""}],"twitter_card":"summary_large_image","twitter_misc":{"Estimated reading time":"2 minutes"},"schema":{"@context":"https:\/\/schema.org","@graph":[{"@type":"WebPage","@id":"https:\/\/www.todeca.com\/eng\/todesil-liquid-silicone\/","url":"https:\/\/www.todeca.com\/eng\/todesil-liquid-silicone\/","name":"todesil liquid silicone for home or industry","isPartOf":{"@id":"https:\/\/www.todeca.com\/eng\/#website"},"primaryImageOfPage":{"@id":"https:\/\/www.todeca.com\/eng\/todesil-liquid-silicone\/#primaryimage"},"image":{"@id":"https:\/\/www.todeca.com\/eng\/todesil-liquid-silicone\/#primaryimage"},"thumbnailUrl":"http:\/\/www.todeca.com\/wp-content\/uploads\/2022\/02\/molde.jpg","datePublished":"2022-02-26T21:26:59+00:00","dateModified":"2022-08-23T17:22:27+00:00","description":"Todesil is an aerosol product with an active liquid silicone base, with multiple areas of application at home or in industry","breadcrumb":{"@id":"https:\/\/www.todeca.com\/eng\/todesil-liquid-silicone\/#breadcrumb"},"inLanguage":"en-GB","potentialAction":[{"@type":"ReadAction","target":["https:\/\/www.todeca.com\/eng\/todesil-liquid-silicone\/"]}]},{"@type":"ImageObject","inLanguage":"en-GB","@id":"https:\/\/www.todeca.com\/eng\/todesil-liquid-silicone\/#primaryimage","url":"http:\/\/www.todeca.com\/wp-content\/uploads\/2022\/02\/molde.jpg","contentUrl":"http:\/\/www.todeca.com\/wp-content\/uploads\/2022\/02\/molde.jpg"},{"@type":"BreadcrumbList","@id":"https:\/\/www.todeca.com\/eng\/todesil-liquid-silicone\/#breadcrumb","itemListElement":[{"@type":"ListItem","position":1,"name":"Portada","item":"https:\/\/www.todeca.com\/eng\/"},{"@type":"ListItem","position":2,"name":"Todesil liquid silicone"}]},{"@type":"WebSite","@id":"https:\/\/www.todeca.com\/eng\/#website","url":"https:\/\/www.todeca.com\/eng\/","name":"Todeca","description":"Supplier of chemical products","publisher":{"@id":"https:\/\/www.todeca.com\/eng\/#organization"},"potentialAction":[{"@type":"SearchAction","target":{"@type":"EntryPoint","urlTemplate":"https:\/\/www.todeca.com\/eng\/?s={search_term_string}"},"query-input":{"@type":"PropertyValueSpecification","valueRequired":true,"valueName":"search_term_string"}}],"inLanguage":"en-GB"},{"@type":"Organization","@id":"https:\/\/www.todeca.com\/eng\/#organization","name":"Todeca S.A.U.","url":"https:\/\/www.todeca.com\/eng\/","logo":{"@type":"ImageObject","inLanguage":"en-GB","@id":"https:\/\/www.todeca.com\/eng\/#\/schema\/logo\/image\/","url":"https:\/\/www.todeca.com\/eng\/wp-content\/uploads\/sites\/3\/2022\/02\/todeca-logo.png","contentUrl":"https:\/\/www.todeca.com\/eng\/wp-content\/uploads\/sites\/3\/2022\/02\/todeca-logo.png","width":300,"height":78,"caption":"Todeca S.A.U."},"image":{"@id":"https:\/\/www.todeca.com\/eng\/#\/schema\/logo\/image\/"}}]}},"_links":{"self":[{"href":"https:\/\/www.todeca.com\/eng\/wp-json\/wp\/v2\/pages\/138","targetHints":{"allow":["GET"]}}],"collection":[{"href":"https:\/\/www.todeca.com\/eng\/wp-json\/wp\/v2\/pages"}],"about":[{"href":"https:\/\/www.todeca.com\/eng\/wp-json\/wp\/v2\/types\/page"}],"author":[{"embeddable":true,"href":"https:\/\/www.todeca.com\/eng\/wp-json\/wp\/v2\/users\/1"}],"replies":[{"embeddable":true,"href":"https:\/\/www.todeca.com\/eng\/wp-json\/wp\/v2\/comments?post=138"}],"version-history":[{"count":11,"href":"https:\/\/www.todeca.com\/eng\/wp-json\/wp\/v2\/pages\/138\/revisions"}],"predecessor-version":[{"id":440,"href":"https:\/\/www.todeca.com\/eng\/wp-json\/wp\/v2\/pages\/138\/revisions\/440"}],"wp:attachment":[{"href":"https:\/\/www.todeca.com\/eng\/wp-json\/wp\/v2\/media?parent=138"}],"curies":[{"name":"wp","href":"https:\/\/api.w.org\/{rel}","templated":true}]}}